{"id":7368,"date":"2025-10-03T07:46:03","date_gmt":"2025-10-03T07:46:03","guid":{"rendered":"http:\/\/adhocsolutions.pl\/?page_id=7368"},"modified":"2025-12-19T15:05:58","modified_gmt":"2025-12-19T15:05:58","slug":"dlaczegomy","status":"publish","type":"page","link":"https:\/\/adhocsolutions.pl\/index.php\/dlaczegomy\/","title":{"rendered":"Dlaczego my"},"content":{"rendered":"\t\t<div data-elementor-type=\"wp-page\" data-elementor-id=\"7368\" class=\"elementor elementor-7368\" data-elementor-post-type=\"page\">\n\t\t\t\t<div class=\"elementor-element elementor-element-238df185 e-flex e-con-boxed e-con e-parent\" data-id=\"238df185\" data-element_type=\"container\" data-e-type=\"container\">\n\t\t\t\t\t<div class=\"e-con-inner\">\n\t\t\t\t<div class=\"elementor-element elementor-element-56f38fa5 moje-wypunktowanie elementor-widget elementor-widget-text-editor\" data-id=\"56f38fa5\" data-element_type=\"widget\" data-e-type=\"widget\" data-widget_type=\"text-editor.default\">\n\t\t\t\t<div class=\"elementor-widget-container\">\n\t\t\t\t\t\t\t\t\t<ul><li data-start=\"91\" data-end=\"389\"><h5><strong data-start=\"91\" data-end=\"112\">Dost\u0119pno\u015b\u0107 24\/7<\/strong><\/h5><h5>Z nami Twoja firma nigdy nie stoi w miejscu. Jeste\u015bmy do dyspozycji przez ca\u0142\u0105 dob\u0119, 7 dni w tygodniu \u2013 niezale\u017cnie od godziny czy dnia tygodnia. Dzi\u0119ki temu masz pewno\u015b\u0107, \u017ce w razie potrzeby natychmiast zareagujemy i znajdziemy najlepsze rozwi\u0105zanie dla Twojego transportu.<\/h5><\/li><li data-start=\"391\" data-end=\"724\"><h5><strong data-start=\"391\" data-end=\"436\">Szybkie wyceny i elastyczne rozwi\u0105zania<\/strong><\/h5><h5>Czas to pieni\u0105dz \u2013 dlatego stawiamy na b\u0142yskawiczn\u0105 reakcj\u0119. Przygotowujemy oferty dopasowane do Twoich potrzeb w mo\u017cliwie najkr\u00f3tszym czasie. Nasza elastyczno\u015b\u0107 pozwala na dob\u00f3r odpowiedniego \u015brodka transportu i optymalnej trasy, tak aby zapewni\u0107 najlepszy stosunek jako\u015bci do ceny.<\/h5><\/li><li data-start=\"726\" data-end=\"1035\"><h5><strong data-start=\"726\" data-end=\"778\">Sie\u0107 sprawdzonych przewo\u017anik\u00f3w w ca\u0142ej Europie<\/strong><\/h5><h5>Wsp\u00f3\u0142pracujemy wy\u0142\u0105cznie ze sprawdzonymi i zaufanymi przewo\u017anikami. Dzi\u0119ki rozbudowanej sieci partner\u00f3w jeste\u015bmy w stanie realizowa\u0107 zlecenia transportowe na terenie ca\u0142ej Europy, zapewniaj\u0105c punktualno\u015b\u0107, bezpiecze\u0144stwo i pe\u0142n\u0105 kontrol\u0119 nad przesy\u0142k\u0105.<\/h5><\/li><li data-start=\"1037\" data-end=\"1341\"><h5><strong data-start=\"1037\" data-end=\"1069\">Dedykowany opiekun klienta<\/strong><\/h5><h5>Ka\u017cdy klient otrzymuje indywidualnego opiekuna, kt\u00f3ry zna jego potrzeby i specyfik\u0119 biznesu. Dzi\u0119ki temu proces komunikacji jest prosty, szybki i skuteczny. Masz pewno\u015b\u0107, \u017ce zawsze rozmawiasz z osob\u0105, kt\u00f3ra zna Twoj\u0105 sytuacj\u0119 i potrafi doradzi\u0107 najlepsze rozwi\u0105zanie.<\/h5><\/li><li data-start=\"1343\" data-end=\"1656\"><h5><strong data-start=\"1343\" data-end=\"1380\">Kompleksowa obs\u0142uga logistyczna<\/strong><\/h5><h5>Od planowania i organizacji transportu, przez monitoring przesy\u0142ki, a\u017c po obs\u0142ug\u0119 formalno\u015bci \u2013 zapewniamy pe\u0142ne wsparcie na ka\u017cdym etapie. Naszym celem jest odci\u0105\u017cenie Ciebie i Twojej firmy, aby\u015b m\u00f3g\u0142 skupi\u0107 si\u0119 na rozwijaniu biznesu, a kwestie logistyczne zostawi\u0107 nam.<\/h5><\/li><\/ul>\t\t\t\t\t\t\t\t<\/div>\n\t\t\t\t<\/div>\n\t\t\t\t\t<\/div>\n\t\t\t\t<\/div>\n\t\t\t\t<section class=\"elementor-section elementor-top-section elementor-element elementor-element-de27ab7 elementor-section-stretched elementor-section-boxed elementor-section-height-default elementor-section-height-default\" data-id=\"de27ab7\" data-element_type=\"section\" data-e-type=\"section\" data-settings=\"{&quot;background_background&quot;:&quot;classic&quot;,&quot;stretch_section&quot;:&quot;section-stretched&quot;}\">\n\t\t\t\t\t\t<div class=\"elementor-container elementor-column-gap-default\">\n\t\t\t\t\t<div class=\"elementor-column elementor-col-100 elementor-top-column elementor-element elementor-element-5288b6c0\" data-id=\"5288b6c0\" data-element_type=\"column\" data-e-type=\"column\">\n\t\t\t<div class=\"elementor-widget-wrap elementor-element-populated\">\n\t\t\t\t\t\t<section class=\"elementor-section elementor-inner-section elementor-element elementor-element-33e65bd6 elementor-section-boxed elementor-section-height-default elementor-section-height-default\" data-id=\"33e65bd6\" data-element_type=\"section\" data-e-type=\"section\">\n\t\t\t\t\t\t<div class=\"elementor-container elementor-column-gap-default\">\n\t\t\t\t\t<div class=\"elementor-column elementor-col-33 elementor-inner-column elementor-element elementor-element-46cf7dd\" data-id=\"46cf7dd\" data-element_type=\"column\" data-e-type=\"column\">\n\t\t\t<div class=\"elementor-widget-wrap elementor-element-populated\">\n\t\t\t\t\t\t<div class=\"elementor-element elementor-element-1eff7419 elementor-align-center elementor-icon-list--layout-traditional elementor-list-item-link-full_width elementor-widget elementor-widget-icon-list\" data-id=\"1eff7419\" data-element_type=\"widget\" data-e-type=\"widget\" data-widget_type=\"icon-list.default\">\n\t\t\t\t<div class=\"elementor-widget-container\">\n\t\t\t\t\t\t\t<ul class=\"elementor-icon-list-items\">\n\t\t\t\t\t\t\t<li class=\"elementor-icon-list-item\">\n\t\t\t\t\t\t\t\t\t\t\t<a href=\"tel:+48886812004\">\n\n\t\t\t\t\t\t\t\t\t\t\t\t<span class=\"elementor-icon-list-icon\">\n\t\t\t\t\t\t\t<i aria-hidden=\"true\" class=\"ico ico-phone3\"><\/i>\t\t\t\t\t\t<\/span>\n\t\t\t\t\t\t\t\t\t\t<span class=\"elementor-icon-list-text\"> +48 886 812 004<\/span>\n\t\t\t\t\t\t\t\t\t\t\t<\/a>\n\t\t\t\t\t\t\t\t\t<\/li>\n\t\t\t\t\t\t<\/ul>\n\t\t\t\t\t\t<\/div>\n\t\t\t\t<\/div>\n\t\t\t\t\t<\/div>\n\t\t<\/div>\n\t\t\t\t<div class=\"elementor-column elementor-col-33 elementor-inner-column elementor-element elementor-element-18552589\" data-id=\"18552589\" data-element_type=\"column\" data-e-type=\"column\">\n\t\t\t<div class=\"elementor-widget-wrap elementor-element-populated\">\n\t\t\t\t\t\t<div class=\"elementor-element elementor-element-5d4f6272 elementor-widget__width-initial elementor-align-center elementor-icon-list--layout-traditional elementor-list-item-link-full_width elementor-widget elementor-widget-icon-list\" data-id=\"5d4f6272\" data-element_type=\"widget\" data-e-type=\"widget\" data-widget_type=\"icon-list.default\">\n\t\t\t\t<div class=\"elementor-widget-container\">\n\t\t\t\t\t\t\t<ul class=\"elementor-icon-list-items\">\n\t\t\t\t\t\t\t<li class=\"elementor-icon-list-item\">\n\t\t\t\t\t\t\t\t\t\t\t<a href=\"mailto:contact@adhocsolutions.pl\">\n\n\t\t\t\t\t\t\t\t\t\t\t\t<span class=\"elementor-icon-list-icon\">\n\t\t\t\t\t\t\t<svg aria-hidden=\"true\" class=\"e-font-icon-svg e-fas-envelope-open-text\" viewBox=\"0 0 512 512\" xmlns=\"http:\/\/www.w3.org\/2000\/svg\"><path d=\"M176 216h160c8.84 0 16-7.16 16-16v-16c0-8.84-7.16-16-16-16H176c-8.84 0-16 7.16-16 16v16c0 8.84 7.16 16 16 16zm-16 80c0 8.84 7.16 16 16 16h160c8.84 0 16-7.16 16-16v-16c0-8.84-7.16-16-16-16H176c-8.84 0-16 7.16-16 16v16zm96 121.13c-16.42 0-32.84-5.06-46.86-15.19L0 250.86V464c0 26.51 21.49 48 48 48h416c26.51 0 48-21.49 48-48V250.86L302.86 401.94c-14.02 10.12-30.44 15.19-46.86 15.19zm237.61-254.18c-8.85-6.94-17.24-13.47-29.61-22.81V96c0-26.51-21.49-48-48-48h-77.55c-3.04-2.2-5.87-4.26-9.04-6.56C312.6 29.17 279.2-.35 256 0c-23.2-.35-56.59 29.17-73.41 41.44-3.17 2.3-6 4.36-9.04 6.56H96c-26.51 0-48 21.49-48 48v44.14c-12.37 9.33-20.76 15.87-29.61 22.81A47.995 47.995 0 0 0 0 200.72v10.65l96 69.35V96h320v184.72l96-69.35v-10.65c0-14.74-6.78-28.67-18.39-37.77z\"><\/path><\/svg>\t\t\t\t\t\t<\/span>\n\t\t\t\t\t\t\t\t\t\t<span class=\"elementor-icon-list-text\">contact@adhocsolutions.pl<\/span>\n\t\t\t\t\t\t\t\t\t\t\t<\/a>\n\t\t\t\t\t\t\t\t\t<\/li>\n\t\t\t\t\t\t<\/ul>\n\t\t\t\t\t\t<\/div>\n\t\t\t\t<\/div>\n\t\t\t\t\t<\/div>\n\t\t<\/div>\n\t\t\t\t<div class=\"elementor-column elementor-col-33 elementor-inner-column elementor-element elementor-element-374f83cb\" data-id=\"374f83cb\" data-element_type=\"column\" data-e-type=\"column\">\n\t\t\t<div class=\"elementor-widget-wrap elementor-element-populated\">\n\t\t\t\t\t\t<div class=\"elementor-element elementor-element-3fdbe668 elementor-align-center elementor-icon-list--layout-traditional elementor-list-item-link-full_width elementor-widget elementor-widget-icon-list\" data-id=\"3fdbe668\" data-element_type=\"widget\" data-e-type=\"widget\" data-widget_type=\"icon-list.default\">\n\t\t\t\t<div class=\"elementor-widget-container\">\n\t\t\t\t\t\t\t<ul class=\"elementor-icon-list-items\">\n\t\t\t\t\t\t\t<li class=\"elementor-icon-list-item\">\n\t\t\t\t\t\t\t\t\t\t<span class=\"elementor-icon-list-text\">Magazynowa 8, 21-24 55-002 Dobrzykowice<\/span>\n\t\t\t\t\t\t\t\t\t<\/li>\n\t\t\t\t\t\t<\/ul>\n\t\t\t\t\t\t<\/div>\n\t\t\t\t<\/div>\n\t\t\t\t\t<\/div>\n\t\t<\/div>\n\t\t\t\t\t<\/div>\n\t\t<\/section>\n\t\t\t\t\t<\/div>\n\t\t<\/div>\n\t\t\t\t\t<\/div>\n\t\t<\/section>\n\t\t\t\t<section class=\"elementor-section elementor-top-section elementor-element elementor-element-66d0b92 elementor-section-stretched elementor-section-boxed elementor-section-height-default elementor-section-height-default\" data-id=\"66d0b92\" data-element_type=\"section\" data-e-type=\"section\" data-settings=\"{&quot;background_background&quot;:&quot;classic&quot;,&quot;stretch_section&quot;:&quot;section-stretched&quot;}\">\n\t\t\t\t\t\t\t<div class=\"elementor-background-overlay\"><\/div>\n\t\t\t\t\t\t\t<div class=\"elementor-container elementor-column-gap-default\">\n\t\t\t\t\t<div class=\"elementor-column elementor-col-100 elementor-top-column elementor-element elementor-element-35feb129\" data-id=\"35feb129\" data-element_type=\"column\" data-e-type=\"column\">\n\t\t\t<div class=\"elementor-widget-wrap elementor-element-populated\">\n\t\t\t\t\t\t<section class=\"elementor-section elementor-inner-section elementor-element elementor-element-4582c528 elementor-section-boxed elementor-section-height-default elementor-section-height-default\" data-id=\"4582c528\" data-element_type=\"section\" data-e-type=\"section\">\n\t\t\t\t\t\t<div class=\"elementor-container elementor-column-gap-default\">\n\t\t\t\t\t<div class=\"elementor-column elementor-col-33 elementor-inner-column elementor-element elementor-element-7586caad\" data-id=\"7586caad\" data-element_type=\"column\" data-e-type=\"column\">\n\t\t\t<div class=\"elementor-widget-wrap elementor-element-populated\">\n\t\t\t\t\t\t<div class=\"elementor-element elementor-element-6aeb0363 elementor-widget elementor-widget-image\" data-id=\"6aeb0363\" data-element_type=\"widget\" data-e-type=\"widget\" data-widget_type=\"image.default\">\n\t\t\t\t<div class=\"elementor-widget-container\">\n\t\t\t\t\t\t\t\t\t\t\t\t\t\t\t<img decoding=\"async\" width=\"450\" height=\"70\" src=\"http:\/\/adhocsolutions.pl\/wp-content\/uploads\/2025\/11\/logo1bfooter.png\" class=\"attachment-large size-large wp-image-7752\" alt=\"\" srcset=\"http:\/\/adhocsolutions.pl\/wp-content\/uploads\/2025\/11\/logo1bfooter.png 450w, http:\/\/adhocsolutions.pl\/wp-content\/uploads\/2025\/11\/logo1bfooter-300x47.png 300w\" sizes=\"(max-width: 450px) 100vw, 450px\" \/>\t\t\t\t\t\t\t\t\t\t\t\t\t\t\t<\/div>\n\t\t\t\t<\/div>\n\t\t\t\t<div class=\"elementor-element elementor-element-7e92d7f3 elementor-widget elementor-widget-text-editor\" data-id=\"7e92d7f3\" data-element_type=\"widget\" data-e-type=\"widget\" data-widget_type=\"text-editor.default\">\n\t\t\t\t<div class=\"elementor-widget-container\">\n\t\t\t\t\t\t\t\t\t<p>Tw\u00f3j partner w organizacji globalnej spedycji i transporcie.<\/p>\t\t\t\t\t\t\t\t<\/div>\n\t\t\t\t<\/div>\n\t\t\t\t\t<\/div>\n\t\t<\/div>\n\t\t\t\t<div class=\"elementor-column elementor-col-33 elementor-inner-column elementor-element elementor-element-584f6195\" data-id=\"584f6195\" data-element_type=\"column\" data-e-type=\"column\">\n\t\t\t<div class=\"elementor-widget-wrap elementor-element-populated\">\n\t\t\t\t\t\t<div class=\"elementor-element elementor-element-25ceff76 elementor-widget elementor-widget-heading\" data-id=\"25ceff76\" data-element_type=\"widget\" data-e-type=\"widget\" data-widget_type=\"heading.default\">\n\t\t\t\t<div class=\"elementor-widget-container\">\n\t\t\t\t\t<h2 class=\"elementor-heading-title elementor-size-default\">Skontaktujemy si\u0119 z tob\u0105<\/h2>\t\t\t\t<\/div>\n\t\t\t\t<\/div>\n\t\t\t\t<div class=\"elementor-element elementor-element-63d54f1f elementor-widget elementor-widget-text-editor\" data-id=\"63d54f1f\" data-element_type=\"widget\" data-e-type=\"widget\" data-widget_type=\"text-editor.default\">\n\t\t\t\t<div class=\"elementor-widget-container\">\n\t\t\t\t\t\t\t\t\t\n<div class=\"wpcf7 no-js\" id=\"wpcf7-f6302-o1\" lang=\"en-US\" dir=\"ltr\" data-wpcf7-id=\"6302\">\n<div class=\"screen-reader-response\"><p role=\"status\" aria-live=\"polite\" aria-atomic=\"true\"><\/p> <ul><\/ul><\/div>\n<form action=\"\/index.php\/wp-json\/wp\/v2\/pages\/7368#wpcf7-f6302-o1\" method=\"post\" class=\"wpcf7-form init\" aria-label=\"Contact form\" novalidate=\"novalidate\" data-status=\"init\">\n<fieldset class=\"hidden-fields-container\"><input type=\"hidden\" name=\"_wpcf7\" value=\"6302\" \/><input type=\"hidden\" name=\"_wpcf7_version\" value=\"6.1.5\" \/><input type=\"hidden\" name=\"_wpcf7_locale\" value=\"en_US\" \/><input type=\"hidden\" name=\"_wpcf7_unit_tag\" value=\"wpcf7-f6302-o1\" \/><input type=\"hidden\" name=\"_wpcf7_container_post\" value=\"0\" \/><input type=\"hidden\" name=\"_wpcf7_posted_data_hash\" value=\"\" \/>\n<\/fieldset>\n<div class=\"contact_areasone\">\n\t<div class=\"container\">\n\t\t<div class=\"row\">\n\t\t\t<div class=\"col-md-12\">\n\t\t\t\t<p><span class=\"wpcf7-form-control-wrap\" data-name=\"text-351\"><input size=\"40\" maxlength=\"400\" class=\"wpcf7-form-control wpcf7-text\" aria-invalid=\"false\" placeholder=\"Tw\u00f3j e-mail lub telefon\" value=\"\" type=\"text\" name=\"text-351\" \/><\/span>\n\t\t\t\t<\/p>\n\t\t\t<\/div>\n\t\t\t<div class=\"col-md-12\">\n\t\t\t\t<div class=\"button\">\n\t\t\t\t\t<p><input class=\"wpcf7-form-control wpcf7-submit has-spinner\" type=\"submit\" value=\"Popro\u015b o kontakt\" \/>\n\t\t\t\t\t<\/p>\n\t\t\t\t<\/div>\n\t\t\t<\/div>\n\t\t<\/div>\n\t<\/div>\n<\/div><p style=\"display: none !important;\" class=\"akismet-fields-container\" data-prefix=\"_wpcf7_ak_\"><label>&#916;<textarea name=\"_wpcf7_ak_hp_textarea\" cols=\"45\" rows=\"8\" maxlength=\"100\"><\/textarea><\/label><input type=\"hidden\" id=\"ak_js_1\" name=\"_wpcf7_ak_js\" value=\"116\"\/><script type=\"text\/javascript\">\n\/* <![CDATA[ *\/\ndocument.getElementById( \"ak_js_1\" ).setAttribute( \"value\", ( new Date() ).getTime() );\n\/* ]]> *\/\n<\/script>\n<\/p><div class=\"wpcf7-response-output\" aria-hidden=\"true\"><\/div>\n<\/form>\n<\/div>\n\t\t\t\t\t\t\t\t<\/div>\n\t\t\t\t<\/div>\n\t\t\t\t\t<\/div>\n\t\t<\/div>\n\t\t\t\t<div class=\"elementor-column elementor-col-33 elementor-inner-column elementor-element elementor-element-4729cd35\" data-id=\"4729cd35\" data-element_type=\"column\" data-e-type=\"column\">\n\t\t\t<div class=\"elementor-widget-wrap elementor-element-populated\">\n\t\t\t\t\t\t<div class=\"elementor-element elementor-element-3c9aac66 elementor-widget elementor-widget-google_maps\" data-id=\"3c9aac66\" data-element_type=\"widget\" data-e-type=\"widget\" data-widget_type=\"google_maps.default\">\n\t\t\t\t<div class=\"elementor-widget-container\">\n\t\t\t\t\t\t\t<div class=\"elementor-custom-embed\">\n\t\t\t<iframe loading=\"lazy\"\n\t\t\t\t\tsrc=\"https:\/\/maps.google.com\/maps?q=Magazynowa%208%2021-24%2C%2055-002%20Dobrzykowice&#038;t=m&#038;z=10&#038;output=embed&#038;iwloc=near\"\n\t\t\t\t\ttitle=\"Magazynowa 8 21-24, 55-002 Dobrzykowice\"\n\t\t\t\t\taria-label=\"Magazynowa 8 21-24, 55-002 Dobrzykowice\"\n\t\t\t><\/iframe>\n\t\t<\/div>\n\t\t\t\t\t\t<\/div>\n\t\t\t\t<\/div>\n\t\t\t\t\t<\/div>\n\t\t<\/div>\n\t\t\t\t\t<\/div>\n\t\t<\/section>\n\t\t\t\t\t<\/div>\n\t\t<\/div>\n\t\t\t\t\t<\/div>\n\t\t<\/section>\n\t\t\t\t<\/div>\n\t\t","protected":false},"excerpt":{"rendered":"<p>Dost\u0119pno\u015b\u0107 24\/7 Z nami Twoja firma nigdy nie stoi w miejscu. Jeste\u015bmy do dyspozycji przez ca\u0142\u0105 dob\u0119, 7 dni w tygodniu \u2013 niezale\u017cnie od godziny czy dnia tygodnia. Dzi\u0119ki temu masz pewno\u015b\u0107, \u017ce w razie potrzeby natychmiast zareagujemy i znajdziemy najlepsze rozwi\u0105zanie dla Twojego transportu. Szybkie wyceny i elastyczne rozwi\u0105zania Czas to pieni\u0105dz \u2013 dlatego [&hellip;]<\/p>\n","protected":false},"author":1,"featured_media":0,"parent":0,"menu_order":0,"comment_status":"closed","ping_status":"closed","template":"","meta":{"footnotes":""},"class_list":["post-7368","page","type-page","status-publish","hentry"],"_links":{"self":[{"href":"https:\/\/adhocsolutions.pl\/index.php\/wp-json\/wp\/v2\/pages\/7368","targetHints":{"allow":["GET"]}}],"collection":[{"href":"https:\/\/adhocsolutions.pl\/index.php\/wp-json\/wp\/v2\/pages"}],"about":[{"href":"https:\/\/adhocsolutions.pl\/index.php\/wp-json\/wp\/v2\/types\/page"}],"author":[{"embeddable":true,"href":"https:\/\/adhocsolutions.pl\/index.php\/wp-json\/wp\/v2\/users\/1"}],"replies":[{"embeddable":true,"href":"https:\/\/adhocsolutions.pl\/index.php\/wp-json\/wp\/v2\/comments?post=7368"}],"version-history":[{"count":41,"href":"https:\/\/adhocsolutions.pl\/index.php\/wp-json\/wp\/v2\/pages\/7368\/revisions"}],"predecessor-version":[{"id":8425,"href":"https:\/\/adhocsolutions.pl\/index.php\/wp-json\/wp\/v2\/pages\/7368\/revisions\/8425"}],"wp:attachment":[{"href":"https:\/\/adhocsolutions.pl\/index.php\/wp-json\/wp\/v2\/media?parent=7368"}],"curies":[{"name":"wp","href":"https:\/\/api.w.org\/{rel}","templated":true}]}}